{"id":30003,"date":"2024-08-14T11:27:03","date_gmt":"2024-08-14T09:27:03","guid":{"rendered":"https:\/\/smino.com\/blog\/"},"modified":"2025-01-14T12:56:01","modified_gmt":"2025-01-14T11:56:01","slug":"blog","status":"publish","type":"page","link":"https:\/\/smino.com\/fr\/blog\/","title":{"rendered":"Blog"},"content":{"rendered":"\t\t<div data-elementor-type=\"wp-page\" data-elementor-id=\"30003\" class=\"elementor elementor-30003 elementor-23512\" data-elementor-post-type=\"page\">\n\t\t\t\t\t\t<section data-dce-background-color=\"#FFF3E8\" class=\"elementor-section elementor-top-section elementor-element elementor-element-778ee97 elementor-section-boxed elementor-section-height-default elementor-section-height-default\" data-id=\"778ee97\" data-element_type=\"section\" data-settings=\"{&quot;background_background&quot;:&quot;classic&quot;}\">\n\t\t\t\t\t\t<div class=\"elementor-container elementor-column-gap-default\">\n\t\t\t\t\t<div class=\"elementor-column elementor-col-100 elementor-top-column elementor-element elementor-element-422c412\" data-id=\"422c412\" data-element_type=\"column\">\n\t\t\t<div class=\"elementor-widget-wrap elementor-element-populated\">\n\t\t\t\t\t\t<div class=\"elementor-element elementor-element-0079686 elementor-widget elementor-widget-heading\" data-id=\"0079686\" data-element_type=\"widget\" data-widget_type=\"heading.default\">\n\t\t\t\t<div class=\"elementor-widget-container\">\n\t\t\t\t\t<h1 class=\"elementor-heading-title elementor-size-default\">Entr\u00e9es de blogs<\/h1>\t\t\t\t<\/div>\n\t\t\t\t<\/div>\n\t\t\t\t\t<\/div>\n\t\t<\/div>\n\t\t\t\t\t<\/div>\n\t\t<\/section>\n\t\t\t\t<section class=\"elementor-section elementor-top-section elementor-element elementor-element-b9d4889 elementor-section-boxed elementor-section-height-default elementor-section-height-default\" data-id=\"b9d4889\" data-element_type=\"section\">\n\t\t\t\t\t\t<div class=\"elementor-container elementor-column-gap-default\">\n\t\t\t\t\t<div class=\"elementor-column elementor-col-100 elementor-top-column elementor-element elementor-element-ad2790b\" data-id=\"ad2790b\" data-element_type=\"column\">\n\t\t\t<div class=\"elementor-widget-wrap elementor-element-populated\">\n\t\t\t\t\t\t<div class=\"elementor-element elementor-element-e99a07f elementor-widget elementor-widget-heading\" data-id=\"e99a07f\" data-element_type=\"widget\" data-widget_type=\"heading.default\">\n\t\t\t\t<div class=\"elementor-widget-container\">\n\t\t\t\t\t<h2 class=\"elementor-heading-title elementor-size-default\">Cat\u00e9\u00adgo\u00adries<\/h2>\t\t\t\t<\/div>\n\t\t\t\t<\/div>\n\t\t\t\t\t<\/div>\n\t\t<\/div>\n\t\t\t\t\t<\/div>\n\t\t<\/section>\n\t\t\t\t<section class=\"elementor-section elementor-top-section elementor-element elementor-element-629194ff elementor-section-boxed elementor-section-height-default elementor-section-height-default\" data-id=\"629194ff\" data-element_type=\"section\">\n\t\t\t\t\t\t<div class=\"elementor-container elementor-column-gap-default\">\n\t\t\t\t\t<div class=\"elementor-column elementor-col-100 elementor-top-column elementor-element elementor-element-5b0f488f\" data-id=\"5b0f488f\" data-element_type=\"column\">\n\t\t\t<div class=\"elementor-widget-wrap elementor-element-populated\">\n\t\t\t\t\t\t<div class=\"elementor-element elementor-element-2d399091 kategorienctn elementor-widget elementor-widget-shortcode\" data-id=\"2d399091\" data-element_type=\"widget\" id=\"kategorienctn\" data-widget_type=\"shortcode.default\">\n\t\t\t\t<div class=\"elementor-widget-container\">\n\t\t\t\t\t\t\t<div class=\"elementor-shortcode\">                    <style>\n                        #txtcc_overlay {\n                            position: fixed;\n                            top: 0;\n                            z-index: 9999;\n                            width: 100%;\n                            height: 100%;\n                            display: none;\n                            background: rgba(0, 0, 0, 0.6);\n                            left: 0;\n                        }\n\n                        .cv-spinner {\n                            height: 100%;\n                            display: flex;\n                            justify-content: center;\n                            align-items: center;\n                        }\n                    <\/style>\n                    <div class=\"ajax-button-filter-blog-posts categories-filter-box\">\n                        <div class=\"category-buttons\">\n                            <button data-category class=\"filter-btn all active\">\n                                Toutes                            <\/button>\n                                                            <button data-category=\"638\" class=\"filter-btn\">\n                                    Webinaire                                <\/button>\n                                                            <button data-category=\"554\" class=\"filter-btn\">\n                                    R\u00e9ussite du client                                <\/button>\n                                                            <button data-category=\"532\" class=\"filter-btn\">\n                                    Protection des donn\u00e9es                                <\/button>\n                                                            <button data-category=\"453\" class=\"filter-btn\">\n                                    Projet de construction                                <\/button>\n                                                            <button data-category=\"714\" class=\"filter-btn\">\n                                    Produit                                <\/button>\n                                                            <button data-category=\"583\" class=\"filter-btn\">\n                                    Presse                                <\/button>\n                                                            <button data-category=\"661\" class=\"filter-btn\">\n                                    People &amp; Culture                                <\/button>\n                                                            <button data-category=\"375\" class=\"filter-btn\">\n                                    Num\u00e9risation                                <\/button>\n                                                            <button data-category=\"380\" class=\"filter-btn\">\n                                    nouvelles fonctions                                <\/button>\n                                                            <button data-category=\"521\" class=\"filter-btn\">\n                                    Nouvelles                                <\/button>\n                                                            <button data-category=\"531\" class=\"filter-btn\">\n                                    Interview                                <\/button>\n                                                            <button data-category=\"438\" class=\"filter-btn\">\n                                    Foire                                <\/button>\n                                                            <button data-category=\"406\" class=\"filter-btn\">\n                                    \u00c9v\u00e9nements                                <\/button>\n                                                            <button data-category=\"322\" class=\"filter-btn\">\n                                    Communiqu\u00e9 de presse                                <\/button>\n                                                            <button data-category=\"377\" class=\"filter-btn\">\n                                    BIM                                <\/button>\n                                                            <button data-category=\"407\" class=\"filter-btn\">\n                                    A propos de nous                                <\/button>\n                                                        <input type=\"hidden\" class=\"current-Lang\" value=\"fr\">\n                        <\/div>\n                        <div class=\"Posts-list-loader\"><\/div>\n                        <div class=\"blog-stories color-card-box\" id=\"blog-list\">\n                            <!-- Posts will be loaded here via AJAX -->\n                        <\/div>\n\n                        <div id=\"pagination\" class=\"pagination\">\n                            <!-- Pagination will be loaded here via AJAX -->\n                        <\/div>\n                        <div id=\"txtcc_overlay\">\n                            <div class=\"cv-spinner\">\n                                <img decoding=\"async\" src=\"https:\/\/smino.com\/wp-content\/uploads\/2024\/09\/svg-spinners-tadpole-2.svg\" alt=\"smino\">\n                            <\/div>\n                        <\/div>\n                    <\/div>\n                    <script>\n                        jQuery(document).ready(function($) {\n                            jQuery(\"#txtcc_overlay\").fadeIn(300);\n                            var language = '';\n\n                            function load_posts(category_id, paged, language) {\n                                $.ajax({\n                                    url: 'https:\/\/smino.com\/wp-admin\/admin-ajax.php',\n                                    type: 'POST',\n                                    data: {\n                                        action: 'load_filtered_posts',\n                                        category: category_id,\n                                        paged: paged,\n                                        language: language,\n                                        posts_per_page: 10,\n                                        argso: 'eyJjYXRlZ29yeSI6bnVsbH0='\n                                    },\n                                    success: function(response) {\n                                        $('#blog-list').html('');\n                                        $('#blog-list').html(response.posts);\n                                        $('#pagination').html(response.pagination);\n                                        jQuery(\"#txtcc_overlay\").fadeOut(300);\n                                    }\n                                });\n                            }\n\n                            setTimeout(() => {\n                                language = $('.current-Lang').val();\n                                let eActive = jQuery('.filter-btn.active');\n                                if( !eActive.length )\n                                    eActive = jQuery('.filter-btn.all');\n                                eActive.trigger('click');\n                                console.log('btnnn');\n                                load_posts('', 1, language);\n                            }, 300); \/\/ 1500\n\n\n                            $('.filter-btn').click(function() {\n                                $('.filter-btn').removeClass('active');\n                                $(this).addClass('active');\n                                var category_id = $(this).data('category');\n                                language = $('.current-Lang').val();\n                                load_posts(category_id, 1, language);\n                            });\n\n                            $(document).on('click', '.pagination-link a', function(e) {\n                                e.preventDefault(); \/\/ Prevent the default link action\n\n                                var paged = $(this).data('href').split('paged=')[1];\n                                var category_id = $('.filter-btn.active').data('category');\n                                var language = $('.current-Lang').val();\n\n                                load_posts(category_id, paged, language);\n\n                                $('html, body').animate({\n                                    scrollTop: $(\".blog-stories\").offset().top - 400\n                                }, 600); \/\/ 1000\n                            });\n\n                        });\n                    <\/script>\n                    <\/div>\n\t\t\t\t\t\t<\/div>\n\t\t\t\t<\/div>\n\t\t\t\t\t<\/div>\n\t\t<\/div>\n\t\t\t\t\t<\/div>\n\t\t<\/section>\n\t\t\t\t<section data-dce-background-color=\"#02010100\" class=\"elementor-section elementor-top-section elementor-element elementor-element-3ff05fd ftrwrpwor elementor-section-boxed elementor-section-height-default elementor-section-height-default\" data-id=\"3ff05fd\" data-element_type=\"section\" data-settings=\"{&quot;background_background&quot;:&quot;classic&quot;}\">\n\t\t\t\t\t\t<div class=\"elementor-container elementor-column-gap-default\">\n\t\t\t\t\t<div class=\"elementor-column elementor-col-100 elementor-top-column elementor-element elementor-element-635aabf\" data-id=\"635aabf\" data-element_type=\"column\">\n\t\t\t<div class=\"elementor-widget-wrap elementor-element-populated\">\n\t\t\t\t\t\t<section data-dce-background-color=\"#FF7819\" data-dce-background-image-url=\"http:\/\/smino.com\/wp-content\/uploads\/2024\/08\/Smino-Kontakt-Aufnehmen-Illustration-02.png\" class=\"elementor-section elementor-inner-section elementor-element elementor-element-cdaf212 elementor-section-boxed elementor-section-height-default elementor-section-height-default\" data-id=\"cdaf212\" data-element_type=\"section\" data-settings=\"{&quot;background_background&quot;:&quot;classic&quot;}\">\n\t\t\t\t\t\t<div class=\"elementor-container elementor-column-gap-default\">\n\t\t\t\t\t<div class=\"elementor-column elementor-col-50 elementor-inner-column elementor-element elementor-element-d789e0f\" data-id=\"d789e0f\" data-element_type=\"column\">\n\t\t\t<div class=\"elementor-widget-wrap elementor-element-populated\">\n\t\t\t\t\t\t<div class=\"elementor-element elementor-element-b4aa0b5 unserelosctn wrp optim elementor-invisible elementor-widget elementor-widget-pix-highlighted-text\" data-id=\"b4aa0b5\" data-element_type=\"widget\" data-widget_type=\"pix-highlighted-text.default\">\n\t\t\t\t<div class=\"elementor-widget-container\">\n\t\t\t\t\t<div id=\"el-b4aa0b5\" class=\"pix-highlighted-element text-left \"><div class=\"d-inline-block\" style=\"max-width:100%;\"><h2 class=\"pix-highlighted-items animate-in\" style data-anim-type=\"fade-in-up\" data-anim-delay=\"100\"><span id=\"el-b4aa0b5-0\" class=\" elementor-repeater-item-2430d8b\"><span class=\"pix-highlighted-text  pix-highlight-item font-weight-normal  font-weight-bold heading-font el-b4aa0b5-0 el-title_custom_color\">Ne manquez plus jamais les nouveaut\u00e9s !<\/span><\/span><\/h2><\/div><\/div>\t\t\t\t<\/div>\n\t\t\t\t<\/div>\n\t\t\t\t<div class=\"elementor-element elementor-element-d831b76 elementor-tablet-align-center elementor-hidden-desktop elementor-hidden-tablet elementor-hidden-mobile elementor-widget elementor-widget-button\" data-id=\"d831b76\" data-element_type=\"widget\" data-widget_type=\"button.default\">\n\t\t\t\t<div class=\"elementor-widget-container\">\n\t\t\t\t\t\t\t\t\t<div class=\"elementor-button-wrapper\">\n\t\t\t\t\t<a class=\"elementor-button elementor-button-link elementor-size-sm\" href=\"https:\/\/smino.com\/fr\/contact\/\">\n\t\t\t\t\t\t<span class=\"elementor-button-content-wrapper\">\n\t\t\t\t\t\t<span class=\"elementor-button-icon\">\n\t\t\t\t<svg width=\"20\" height=\"20\" viewBox=\"0 0 20 20\" fill=\"none\"><path fill-rule=\"evenodd\" clip-rule=\"evenodd\" d=\"M10 4H13L19 10L13 16H10L15 11H1V9H15L10 4Z\" fill=\"white\" \/><\/svg>\t\t\t<\/span>\n\t\t\t\t\t\t\t\t\t<span class=\"elementor-button-text\">Prendre contact<\/span>\n\t\t\t\t\t<\/span>\n\t\t\t\t\t<\/a>\n\t\t\t\t<\/div>\n\t\t\t\t\t\t\t\t<\/div>\n\t\t\t\t<\/div>\n\t\t\t\t\t<\/div>\n\t\t<\/div>\n\t\t\t\t<div class=\"elementor-column elementor-col-50 elementor-inner-column elementor-element elementor-element-d6c6a1a\" data-id=\"d6c6a1a\" data-element_type=\"column\">\n\t\t\t<div class=\"elementor-widget-wrap elementor-element-populated\">\n\t\t\t\t\t\t<div class=\"elementor-element elementor-element-ca69138 elementor-widget elementor-widget-text-editor\" data-id=\"ca69138\" data-element_type=\"widget\" data-widget_type=\"text-editor.default\">\n\t\t\t\t<div class=\"elementor-widget-container\">\n\t\t\t\t\t\t\t\t\t<script charset=\"utf-8\" type=\"text\/javascript\" src=\"\/\/js-eu1.hsforms.net\/forms\/embed\/v2.js\"><\/script><script>hbspt.forms.create({\n    region: \"eu1\",\n    portalId: \"142377362\",\n    formId: \"4ce6f1c5-f6d5-4d4f-984f-06df75b71e63\"\n  });\n<\/script>\t\t\t\t\t\t\t\t<\/div>\n\t\t\t\t<\/div>\n\t\t\t\t\t<\/div>\n\t\t<\/div>\n\t\t\t\t\t<\/div>\n\t\t<\/section>\n\t\t\t\t\t<\/div>\n\t\t<\/div>\n\t\t\t\t\t<\/div>\n\t\t<\/section>\n\t\t\t\t<\/div>\n\t\t","protected":false},"excerpt":{"rendered":"<p>Entr\u00e9es de blogs Cat\u00e9\u00adgo\u00adries Ne manquez plus jamais les nouveaut\u00e9s ! Prendre contact<\/p>\n","protected":false},"author":2,"featured_media":0,"parent":0,"menu_order":0,"comment_status":"closed","ping_status":"closed","template":"","meta":{"_acf_changed":false,"wp_typography_post_enhancements_disabled":false,"footnotes":""},"class_list":["post-30003","page","type-page","status-publish","hentry"],"acf":{"photo_gallery":{"blog_gallery":[[]]}},"yoast_head":"<!-- This site is optimized with the Yoast SEO Premium plugin v26.5 (Yoast SEO v27.4) - https:\/\/yoast.com\/product\/yoast-seo-premium-wordpress\/ -->\n<title>Blog | Nouvelles et Tendances du B\u00e2timent Num\u00e9rique - smino<\/title>\n<meta name=\"description\" content=\"Consultez le blog Smino pour des conseils d&#039;experts, des actualit\u00e9s et des tendances sur la gestion de projets num\u00e9riques.\" \/>\n<meta name=\"robots\" content=\"index, follow, max-snippet:-1, max-image-preview:large, max-video-preview:-1\" \/>\n<link rel=\"canonical\" href=\"https:\/\/smino.com\/fr\/blog\/\" \/>\n<meta property=\"og:locale\" content=\"fr_FR\" \/>\n<meta property=\"og:type\" content=\"article\" \/>\n<meta property=\"og:title\" content=\"Blog\" \/>\n<meta property=\"og:description\" content=\"Consultez le blog Smino pour des conseils d&#039;experts, des actualit\u00e9s et des tendances sur la gestion de projets num\u00e9riques.\" \/>\n<meta property=\"og:url\" content=\"https:\/\/smino.com\/fr\/blog\/\" \/>\n<meta property=\"og:site_name\" content=\"smino\" \/>\n<meta property=\"article:publisher\" content=\"https:\/\/www.facebook.com\/sminocom\" \/>\n<meta property=\"article:modified_time\" content=\"2025-01-14T11:56:01+00:00\" \/>\n<meta name=\"twitter:card\" content=\"summary_large_image\" \/>\n<meta name=\"twitter:label1\" content=\"Dur\u00e9e de lecture estim\u00e9e\" \/>\n\t<meta name=\"twitter:data1\" content=\"1 minute\" \/>\n<script type=\"application\/ld+json\" class=\"yoast-schema-graph\">{\"@context\":\"https:\\\/\\\/schema.org\",\"@graph\":[{\"@type\":\"WebPage\",\"@id\":\"https:\\\/\\\/smino.com\\\/fr\\\/blog\\\/\",\"url\":\"https:\\\/\\\/smino.com\\\/fr\\\/blog\\\/\",\"name\":\"Blog | Nouvelles et Tendances du B\u00e2timent Num\u00e9rique - smino\",\"isPartOf\":{\"@id\":\"https:\\\/\\\/smino.com\\\/fr\\\/#website\"},\"datePublished\":\"2024-08-14T09:27:03+00:00\",\"dateModified\":\"2025-01-14T11:56:01+00:00\",\"description\":\"Consultez le blog Smino pour des conseils d'experts, des actualit\u00e9s et des tendances sur la gestion de projets num\u00e9riques.\",\"breadcrumb\":{\"@id\":\"https:\\\/\\\/smino.com\\\/fr\\\/blog\\\/#breadcrumb\"},\"inLanguage\":\"fr-FR\",\"potentialAction\":[{\"@type\":\"ReadAction\",\"target\":[\"https:\\\/\\\/smino.com\\\/fr\\\/blog\\\/\"]}]},{\"@type\":\"BreadcrumbList\",\"@id\":\"https:\\\/\\\/smino.com\\\/fr\\\/blog\\\/#breadcrumb\",\"itemListElement\":[{\"@type\":\"ListItem\",\"position\":1,\"name\":\"Startseite\",\"item\":\"https:\\\/\\\/smino.com\\\/fr\\\/\"},{\"@type\":\"ListItem\",\"position\":2,\"name\":\"Blog\"}]},{\"@type\":\"WebSite\",\"@id\":\"https:\\\/\\\/smino.com\\\/fr\\\/#website\",\"url\":\"https:\\\/\\\/smino.com\\\/fr\\\/\",\"name\":\"smino\",\"description\":\"\",\"publisher\":{\"@id\":\"https:\\\/\\\/smino.com\\\/fr\\\/#organization\"},\"potentialAction\":[{\"@type\":\"SearchAction\",\"target\":{\"@type\":\"EntryPoint\",\"urlTemplate\":\"https:\\\/\\\/smino.com\\\/fr\\\/?s={search_term_string}\"},\"query-input\":{\"@type\":\"PropertyValueSpecification\",\"valueRequired\":true,\"valueName\":\"search_term_string\"}}],\"inLanguage\":\"fr-FR\"},{\"@type\":\"Organization\",\"@id\":\"https:\\\/\\\/smino.com\\\/fr\\\/#organization\",\"name\":\"smino\",\"url\":\"https:\\\/\\\/smino.com\\\/fr\\\/\",\"logo\":{\"@type\":\"ImageObject\",\"inLanguage\":\"fr-FR\",\"@id\":\"https:\\\/\\\/smino.com\\\/fr\\\/#\\\/schema\\\/logo\\\/image\\\/\",\"url\":\"https:\\\/\\\/smino.com\\\/wp-content\\\/uploads\\\/2024\\\/08\\\/smino-favicon.png\",\"contentUrl\":\"https:\\\/\\\/smino.com\\\/wp-content\\\/uploads\\\/2024\\\/08\\\/smino-favicon.png\",\"width\":512,\"height\":512,\"caption\":\"smino\"},\"image\":{\"@id\":\"https:\\\/\\\/smino.com\\\/fr\\\/#\\\/schema\\\/logo\\\/image\\\/\"},\"sameAs\":[\"https:\\\/\\\/www.facebook.com\\\/sminocom\",\"https:\\\/\\\/www.linkedin.com\\\/company\\\/smino\",\"https:\\\/\\\/www.instagram.com\\\/smino_culture\\\/\",\"https:\\\/\\\/www.youtube.com\\\/channel\\\/UCoe0A6ix0Or_PLze586vamA\"]}]}<\/script>\n<!-- \/ Yoast SEO Premium plugin. -->","yoast_head_json":{"title":"Blog | Nouvelles et Tendances du B\u00e2timent Num\u00e9rique - smino","description":"Consultez le blog Smino pour des conseils d'experts, des actualit\u00e9s et des tendances sur la gestion de projets num\u00e9riques.","robots":{"index":"index","follow":"follow","max-snippet":"max-snippet:-1","max-image-preview":"max-image-preview:large","max-video-preview":"max-video-preview:-1"},"canonical":"https:\/\/smino.com\/fr\/blog\/","og_locale":"fr_FR","og_type":"article","og_title":"Blog","og_description":"Consultez le blog Smino pour des conseils d'experts, des actualit\u00e9s et des tendances sur la gestion de projets num\u00e9riques.","og_url":"https:\/\/smino.com\/fr\/blog\/","og_site_name":"smino","article_publisher":"https:\/\/www.facebook.com\/sminocom","article_modified_time":"2025-01-14T11:56:01+00:00","twitter_card":"summary_large_image","twitter_misc":{"Dur\u00e9e de lecture estim\u00e9e":"1 minute"},"schema":{"@context":"https:\/\/schema.org","@graph":[{"@type":"WebPage","@id":"https:\/\/smino.com\/fr\/blog\/","url":"https:\/\/smino.com\/fr\/blog\/","name":"Blog | Nouvelles et Tendances du B\u00e2timent Num\u00e9rique - smino","isPartOf":{"@id":"https:\/\/smino.com\/fr\/#website"},"datePublished":"2024-08-14T09:27:03+00:00","dateModified":"2025-01-14T11:56:01+00:00","description":"Consultez le blog Smino pour des conseils d'experts, des actualit\u00e9s et des tendances sur la gestion de projets num\u00e9riques.","breadcrumb":{"@id":"https:\/\/smino.com\/fr\/blog\/#breadcrumb"},"inLanguage":"fr-FR","potentialAction":[{"@type":"ReadAction","target":["https:\/\/smino.com\/fr\/blog\/"]}]},{"@type":"BreadcrumbList","@id":"https:\/\/smino.com\/fr\/blog\/#breadcrumb","itemListElement":[{"@type":"ListItem","position":1,"name":"Startseite","item":"https:\/\/smino.com\/fr\/"},{"@type":"ListItem","position":2,"name":"Blog"}]},{"@type":"WebSite","@id":"https:\/\/smino.com\/fr\/#website","url":"https:\/\/smino.com\/fr\/","name":"smino","description":"","publisher":{"@id":"https:\/\/smino.com\/fr\/#organization"},"potentialAction":[{"@type":"SearchAction","target":{"@type":"EntryPoint","urlTemplate":"https:\/\/smino.com\/fr\/?s={search_term_string}"},"query-input":{"@type":"PropertyValueSpecification","valueRequired":true,"valueName":"search_term_string"}}],"inLanguage":"fr-FR"},{"@type":"Organization","@id":"https:\/\/smino.com\/fr\/#organization","name":"smino","url":"https:\/\/smino.com\/fr\/","logo":{"@type":"ImageObject","inLanguage":"fr-FR","@id":"https:\/\/smino.com\/fr\/#\/schema\/logo\/image\/","url":"https:\/\/smino.com\/wp-content\/uploads\/2024\/08\/smino-favicon.png","contentUrl":"https:\/\/smino.com\/wp-content\/uploads\/2024\/08\/smino-favicon.png","width":512,"height":512,"caption":"smino"},"image":{"@id":"https:\/\/smino.com\/fr\/#\/schema\/logo\/image\/"},"sameAs":["https:\/\/www.facebook.com\/sminocom","https:\/\/www.linkedin.com\/company\/smino","https:\/\/www.instagram.com\/smino_culture\/","https:\/\/www.youtube.com\/channel\/UCoe0A6ix0Or_PLze586vamA"]}]}},"_links":{"self":[{"href":"https:\/\/smino.com\/fr\/wp-json\/wp\/v2\/pages\/30003","targetHints":{"allow":["GET"]}}],"collection":[{"href":"https:\/\/smino.com\/fr\/wp-json\/wp\/v2\/pages"}],"about":[{"href":"https:\/\/smino.com\/fr\/wp-json\/wp\/v2\/types\/page"}],"author":[{"embeddable":true,"href":"https:\/\/smino.com\/fr\/wp-json\/wp\/v2\/users\/2"}],"replies":[{"embeddable":true,"href":"https:\/\/smino.com\/fr\/wp-json\/wp\/v2\/comments?post=30003"}],"version-history":[{"count":8,"href":"https:\/\/smino.com\/fr\/wp-json\/wp\/v2\/pages\/30003\/revisions"}],"predecessor-version":[{"id":59339,"href":"https:\/\/smino.com\/fr\/wp-json\/wp\/v2\/pages\/30003\/revisions\/59339"}],"wp:attachment":[{"href":"https:\/\/smino.com\/fr\/wp-json\/wp\/v2\/media?parent=30003"}],"curies":[{"name":"wp","href":"https:\/\/api.w.org\/{rel}","templated":true}]}}