{"id":34055,"date":"2024-08-20T07:14:25","date_gmt":"2024-08-20T05:14:25","guid":{"rendered":"https:\/\/smino.com\/webinaires\/"},"modified":"2024-11-27T12:11:58","modified_gmt":"2024-11-27T11:11:58","slug":"webinaires","status":"publish","type":"page","link":"https:\/\/smino.com\/fr\/webinaires\/","title":{"rendered":"Webi\u00adn\u00adaires"},"content":{"rendered":"\t\t<div data-elementor-type=\"wp-page\" data-elementor-id=\"34055\" class=\"elementor elementor-34055 elementor-29119\" data-elementor-post-type=\"page\">\n\t\t\t\t\t\t<section data-dce-background-color=\"#FFF3E8\" class=\"elementor-section elementor-top-section elementor-element elementor-element-8c7a817 elementor-section-boxed elementor-section-height-default elementor-section-height-default\" data-id=\"8c7a817\" data-element_type=\"section\" data-settings=\"{&quot;background_background&quot;:&quot;classic&quot;}\">\n\t\t\t\t\t\t<div class=\"elementor-container elementor-column-gap-default\">\n\t\t\t\t\t<div class=\"elementor-column elementor-col-100 elementor-top-column elementor-element elementor-element-3fab06a\" data-id=\"3fab06a\" data-element_type=\"column\">\n\t\t\t<div class=\"elementor-widget-wrap elementor-element-populated\">\n\t\t\t\t\t\t<div class=\"elementor-element elementor-element-5ee44bd bannerheadcss soft optim elementor-invisible elementor-widget elementor-widget-pix-highlighted-text\" data-id=\"5ee44bd\" data-element_type=\"widget\" data-widget_type=\"pix-highlighted-text.default\">\n\t\t\t\t<div class=\"elementor-widget-container\">\n\t\t\t\t\t<div id=\"el-5ee44bd\" class=\"pix-highlighted-element text-center \"><div class=\"d-inline-block\" style=\"max-width:100%;\"><h1 class=\"pix-highlighted-items animate-in\" style data-anim-type=\"fade-in-up\" data-anim-delay=\"100\"><span id=\"el-5ee44bd-0\" class=\" elementor-repeater-item-2a7d7a4\"><span data-anim-type=\"pix-3d-up-in\" data-anim-delay=\"0\" class=\"pix-highlighted-text d-inline-block  pix-highlight-item font-weight-normal  font-weight-bold heading-font animate-in text-heading-default\">smino&nbsp;<\/span><span data-anim-type=\"pix-3d-up-in\" data-anim-delay=\"0\" class=\"pix-highlighted-text d-inline-block  pix-highlight-item font-weight-normal  font-weight-bold heading-font animate-in text-heading-default\">&nbsp;<\/span><span data-anim-type=\"pix-3d-up-in\" data-anim-delay=\"0\" class=\"pix-highlighted-text d-inline-block  pix-highlight-item font-weight-normal  font-weight-bold heading-font animate-in text-heading-default\"><\/span><\/span><span id=\"el-5ee44bd-1\" class=\"pix-highlight-bg   elementor-repeater-item-743b016 el-5ee44bd-1 animate-in\" data-anim-type=\"highlight-grow\" data-anim-delay=\"200\"><span class=\"pix-highlighted-text pix-highlight-item font-weight-normal  font-weight-bold heading-font el-title_custom_color\">Webi\u00adn\u00adaires<\/span><\/span><\/h1><\/div><\/div>\t\t\t\t<\/div>\n\t\t\t\t<\/div>\n\t\t\t\t<div class=\"elementor-element elementor-element-f0c30cf elementor-widget elementor-widget-text-editor\" data-id=\"f0c30cf\" data-element_type=\"widget\" data-widget_type=\"text-editor.default\">\n\t\t\t\t<div class=\"elementor-widget-container\">\n\t\t\t\t\t\t\t\t\t<p>Apprenez aupr\u00e8s d\u2019ex\u00adperts renomm\u00e9s du secteur de la cons\u00adtruc\u00adtion <br>et au-del\u00e0.<\/p>\n\t\t\t\t\t\t\t\t<\/div>\n\t\t\t\t<\/div>\n\t\t\t\t\t<\/div>\n\t\t<\/div>\n\t\t\t\t\t<\/div>\n\t\t<\/section>\n\t\t\t\t<section data-dce-background-color=\"#FFFFFF\" class=\"elementor-section elementor-top-section elementor-element elementor-element-4ea7cdc elementor-section-boxed elementor-section-height-default elementor-section-height-default\" data-id=\"4ea7cdc\" data-element_type=\"section\" data-settings=\"{&quot;background_background&quot;:&quot;classic&quot;}\">\n\t\t\t\t\t\t<div class=\"elementor-container elementor-column-gap-default\">\n\t\t\t\t\t<div class=\"elementor-column elementor-col-100 elementor-top-column elementor-element elementor-element-bda928a\" data-id=\"bda928a\" data-element_type=\"column\">\n\t\t\t<div class=\"elementor-widget-wrap elementor-element-populated\">\n\t\t\t\t\t\t<div class=\"elementor-element elementor-element-7321f2e elementor-widget elementor-widget-heading\" data-id=\"7321f2e\" data-element_type=\"widget\" data-widget_type=\"heading.default\">\n\t\t\t\t<div class=\"elementor-widget-container\">\n\t\t\t\t\t<h2 class=\"elementor-heading-title elementor-size-default\">Prochains webi\u00adn\u00adaires<\/h2>\t\t\t\t<\/div>\n\t\t\t\t<\/div>\n\t\t\t\t<div class=\"elementor-element elementor-element-ad68719 elementor-widget elementor-widget-shortcode\" data-id=\"ad68719\" data-element_type=\"widget\" data-widget_type=\"shortcode.default\">\n\t\t\t\t<div class=\"elementor-widget-container\">\n\t\t\t\t\t\t\t<div class=\"elementor-shortcode\">                    <div class=\"ajax-button-filter-webinare-posts categories-filter-box\">\n                        <p class=\"titl\">Pas de webi\u00adn\u00adaires pr\u00e9vus actu\u00adel\u00adle\u00adment<\/p>                    <\/div>\n                    <\/div>\n\t\t\t\t\t\t<\/div>\n\t\t\t\t<\/div>\n\t\t\t\t<div class=\"elementor-element elementor-element-6d7ca65 elementor-widget elementor-widget-heading\" data-id=\"6d7ca65\" data-element_type=\"widget\" data-widget_type=\"heading.default\">\n\t\t\t\t<div class=\"elementor-widget-container\">\n\t\t\t\t\t<h2 class=\"elementor-heading-title elementor-size-default\">Webi\u00adn\u00adaires pass\u00e9s<\/h2>\t\t\t\t<\/div>\n\t\t\t\t<\/div>\n\t\t\t\t<div class=\"elementor-element elementor-element-ae14acd elementor-widget elementor-widget-shortcode\" data-id=\"ae14acd\" data-element_type=\"widget\" data-widget_type=\"shortcode.default\">\n\t\t\t\t<div class=\"elementor-widget-container\">\n\t\t\t\t\t\t\t<div class=\"elementor-shortcode\">                    <div class=\"ajax-button-filter-webinare-posts categories-filter-box\">\n                        <p class=\"titl\">Pas de webi\u00adn\u00adaires pr\u00e9vus actu\u00adel\u00adle\u00adment<\/p>                    <\/div>\n                    <\/div>\n\t\t\t\t\t\t<\/div>\n\t\t\t\t<\/div>\n\t\t\t\t\t<\/div>\n\t\t<\/div>\n\t\t\t\t\t<\/div>\n\t\t<\/section>\n\t\t\t\t<section data-dce-background-color=\"#02010100\" class=\"elementor-section elementor-top-section elementor-element elementor-element-eb28136 ftrwrpwor elementor-section-boxed elementor-section-height-default elementor-section-height-default\" data-id=\"eb28136\" data-element_type=\"section\" data-settings=\"{&quot;background_background&quot;:&quot;classic&quot;}\">\n\t\t\t\t\t\t<div class=\"elementor-container elementor-column-gap-default\">\n\t\t\t\t\t<div class=\"elementor-column elementor-col-100 elementor-top-column elementor-element elementor-element-06de7ef\" data-id=\"06de7ef\" data-element_type=\"column\">\n\t\t\t<div class=\"elementor-widget-wrap elementor-element-populated\">\n\t\t\t\t\t\t<section data-dce-background-color=\"#FF7819\" data-dce-background-image-url=\"http:\/\/smino.com\/wp-content\/uploads\/2024\/08\/Smino-Kontakt-Aufnehmen-Illustration-02.png\" class=\"elementor-section elementor-inner-section elementor-element elementor-element-d6db927 elementor-section-boxed elementor-section-height-default elementor-section-height-default\" data-id=\"d6db927\" data-element_type=\"section\" data-settings=\"{&quot;background_background&quot;:&quot;classic&quot;}\">\n\t\t\t\t\t\t<div class=\"elementor-container elementor-column-gap-default\">\n\t\t\t\t\t<div class=\"elementor-column elementor-col-50 elementor-inner-column elementor-element elementor-element-294d8ff\" data-id=\"294d8ff\" data-element_type=\"column\">\n\t\t\t<div class=\"elementor-widget-wrap elementor-element-populated\">\n\t\t\t\t\t\t<div class=\"elementor-element elementor-element-b942c08 elementor-widget elementor-widget-heading\" data-id=\"b942c08\" data-element_type=\"widget\" data-widget_type=\"heading.default\">\n\t\t\t\t<div class=\"elementor-widget-container\">\n\t\t\t\t\t<h3 class=\"elementor-heading-title elementor-size-default\">Qu\u2019est-ce que vous attendez ?<\/h3>\t\t\t\t<\/div>\n\t\t\t\t<\/div>\n\t\t\t\t<div class=\"elementor-element elementor-element-29c3a37 elementor-widget elementor-widget-text-editor\" data-id=\"29c3a37\" data-element_type=\"widget\" data-widget_type=\"text-editor.default\">\n\t\t\t\t<div class=\"elementor-widget-container\">\n\t\t\t\t\t\t\t\t\t<p>Un rendez-vous de d\u00e9mons\u00adtra\u00adtion vous permet de vous faire une premi\u00e8re id\u00e9e de smino.<br>\nCe rendez-vous est sp\u00e9cia\u00adle\u00adment adapt\u00e9 \u00e0 vos besoins et nous permet de r\u00e9pondre \u00e0 vos besoins et ques\u00adtions indi\u00advi\u00adduels.<br>\nPendant la session, vous pourrez voir notre logi\u00adciel en action et en apprendre davan\u00adtage sur ses fonc\u00adtion\u00adna\u00adlit\u00e9s et ses avan\u00adtages.<br>\nNous serons ravis de vous accu\u00adeillir lors d\u2019un rendez-vous de d\u00e9mons\u00adtra\u00adtion !   <\/p>\n\t\t\t\t\t\t\t\t<\/div>\n\t\t\t\t<\/div>\n\t\t\t\t<div class=\"elementor-element elementor-element-91cc740 elementor-widget elementor-widget-button\" data-id=\"91cc740\" data-element_type=\"widget\" data-widget_type=\"button.default\">\n\t\t\t\t<div class=\"elementor-widget-container\">\n\t\t\t\t\t\t\t\t\t<div class=\"elementor-button-wrapper\">\n\t\t\t\t\t<a class=\"elementor-button elementor-button-link elementor-size-sm\" href=\"https:\/\/smino.com\/fr\/contact\/\">\n\t\t\t\t\t\t<span class=\"elementor-button-content-wrapper\">\n\t\t\t\t\t\t<span class=\"elementor-button-icon\">\n\t\t\t\t<svg width=\"20\" height=\"20\" viewBox=\"0 0 20 20\" fill=\"none\"><path fill-rule=\"evenodd\" clip-rule=\"evenodd\" d=\"M10 4H13L19 10L13 16H10L15 11H1V9H15L10 4Z\" fill=\"white\" \/><\/svg>\t\t\t<\/span>\n\t\t\t\t\t\t\t\t\t<span class=\"elementor-button-text\">Prendre contact<\/span>\n\t\t\t\t\t<\/span>\n\t\t\t\t\t<\/a>\n\t\t\t\t<\/div>\n\t\t\t\t\t\t\t\t<\/div>\n\t\t\t\t<\/div>\n\t\t\t\t\t<\/div>\n\t\t<\/div>\n\t\t\t\t<div class=\"elementor-column elementor-col-50 elementor-inner-column elementor-element elementor-element-ce4aaae\" data-id=\"ce4aaae\" data-element_type=\"column\">\n\t\t\t<div class=\"elementor-widget-wrap elementor-element-populated\">\n\t\t\t\t\t\t<div class=\"elementor-element elementor-element-a5505df dce_masking-none elementor-widget elementor-widget-image\" data-id=\"a5505df\" data-element_type=\"widget\" data-widget_type=\"image.default\">\n\t\t\t\t<div class=\"elementor-widget-container\">\n\t\t\t\t\t\t\t\t\t\t\t\t\t\t\t<img decoding=\"async\" src=\"https:\/\/smino.com\/wp-content\/uploads\/2024\/08\/Smino-Digital-illustration-01.png\" title alt=\"Smino-Digital-illustration-01\" loading=\"lazy\">\t\t\t\t\t\t\t\t\t\t\t\t\t\t\t<\/div>\n\t\t\t\t<\/div>\n\t\t\t\t\t<\/div>\n\t\t<\/div>\n\t\t\t\t\t<\/div>\n\t\t<\/section>\n\t\t\t\t\t<\/div>\n\t\t<\/div>\n\t\t\t\t\t<\/div>\n\t\t<\/section>\n\t\t\t\t<\/div>\n\t\t","protected":false},"excerpt":{"rendered":"<p>smino Webi\u00adn\u00adaires Apprenez aupr\u00e8s d\u2019ex\u00adperts renomm\u00e9s du secteur de la cons\u00adtruc\u00adtion et au-del\u00e0. Prochains webi\u00adn\u00adaires Webi\u00adn\u00adaires pass\u00e9s Qu\u2019est-ce que vous attendez ? Un rendez-vous de d\u00e9mons\u00adtra\u00adtion vous permet de vous faire une premi\u00e8re id\u00e9e de smino. Ce rendez-vous est sp\u00e9cia\u00adle\u00adment\u2026<\/p>\n","protected":false},"author":2,"featured_media":0,"parent":0,"menu_order":0,"comment_status":"closed","ping_status":"closed","template":"","meta":{"_acf_changed":false,"wp_typography_post_enhancements_disabled":false,"footnotes":""},"class_list":["post-34055","page","type-page","status-publish","hentry"],"acf":{"photo_gallery":{"blog_gallery":[[]]}},"yoast_head":"<!-- This site is optimized with the Yoast SEO Premium plugin v26.5 (Yoast SEO v27.4) - https:\/\/yoast.com\/product\/yoast-seo-premium-wordpress\/ -->\n<title>Webinaires smino : Apprenez et Optimisez vos Projets<\/title>\n<meta name=\"description\" content=\"D\u00e9couvrez les webinaires smino pour am\u00e9liorer votre gestion de projet. Des th\u00e8mes vari\u00e9s pour optimiser vos m\u00e9thodes.\" \/>\n<meta name=\"robots\" content=\"index, follow, max-snippet:-1, max-image-preview:large, max-video-preview:-1\" \/>\n<link rel=\"canonical\" href=\"https:\/\/smino.com\/fr\/webinaires\/\" \/>\n<meta property=\"og:locale\" content=\"fr_FR\" \/>\n<meta property=\"og:type\" content=\"article\" \/>\n<meta property=\"og:title\" content=\"Webinaires\" \/>\n<meta property=\"og:description\" content=\"D\u00e9couvrez les webinaires smino pour am\u00e9liorer votre gestion de projet. Des th\u00e8mes vari\u00e9s pour optimiser vos m\u00e9thodes.\" \/>\n<meta property=\"og:url\" content=\"https:\/\/smino.com\/fr\/webinaires\/\" \/>\n<meta property=\"og:site_name\" content=\"smino\" \/>\n<meta property=\"article:publisher\" content=\"https:\/\/www.facebook.com\/sminocom\" \/>\n<meta property=\"article:modified_time\" content=\"2024-11-27T11:11:58+00:00\" \/>\n<meta property=\"og:image\" content=\"https:\/\/smino.com\/wp-content\/uploads\/2024\/08\/Smino-Digital-illustration-01.png\" \/>\n<meta name=\"twitter:card\" content=\"summary_large_image\" \/>\n<meta name=\"twitter:label1\" content=\"Dur\u00e9e de lecture estim\u00e9e\" \/>\n\t<meta name=\"twitter:data1\" content=\"1 minute\" \/>\n<script type=\"application\/ld+json\" class=\"yoast-schema-graph\">{\"@context\":\"https:\\\/\\\/schema.org\",\"@graph\":[{\"@type\":\"WebPage\",\"@id\":\"https:\\\/\\\/smino.com\\\/fr\\\/webinaires\\\/\",\"url\":\"https:\\\/\\\/smino.com\\\/fr\\\/webinaires\\\/\",\"name\":\"Webinaires smino : Apprenez et Optimisez vos Projets\",\"isPartOf\":{\"@id\":\"https:\\\/\\\/smino.com\\\/fr\\\/#website\"},\"primaryImageOfPage\":{\"@id\":\"https:\\\/\\\/smino.com\\\/fr\\\/webinaires\\\/#primaryimage\"},\"image\":{\"@id\":\"https:\\\/\\\/smino.com\\\/fr\\\/webinaires\\\/#primaryimage\"},\"thumbnailUrl\":\"https:\\\/\\\/smino.com\\\/wp-content\\\/uploads\\\/2024\\\/08\\\/Smino-Digital-illustration-01.png\",\"datePublished\":\"2024-08-20T05:14:25+00:00\",\"dateModified\":\"2024-11-27T11:11:58+00:00\",\"description\":\"D\u00e9couvrez les webinaires smino pour am\u00e9liorer votre gestion de projet. Des th\u00e8mes vari\u00e9s pour optimiser vos m\u00e9thodes.\",\"breadcrumb\":{\"@id\":\"https:\\\/\\\/smino.com\\\/fr\\\/webinaires\\\/#breadcrumb\"},\"inLanguage\":\"fr-FR\",\"potentialAction\":[{\"@type\":\"ReadAction\",\"target\":[\"https:\\\/\\\/smino.com\\\/fr\\\/webinaires\\\/\"]}]},{\"@type\":\"ImageObject\",\"inLanguage\":\"fr-FR\",\"@id\":\"https:\\\/\\\/smino.com\\\/fr\\\/webinaires\\\/#primaryimage\",\"url\":\"https:\\\/\\\/smino.com\\\/wp-content\\\/uploads\\\/2024\\\/08\\\/Smino-Digital-illustration-01.png\",\"contentUrl\":\"https:\\\/\\\/smino.com\\\/wp-content\\\/uploads\\\/2024\\\/08\\\/Smino-Digital-illustration-01.png\"},{\"@type\":\"BreadcrumbList\",\"@id\":\"https:\\\/\\\/smino.com\\\/fr\\\/webinaires\\\/#breadcrumb\",\"itemListElement\":[{\"@type\":\"ListItem\",\"position\":1,\"name\":\"Startseite\",\"item\":\"https:\\\/\\\/smino.com\\\/fr\\\/\"},{\"@type\":\"ListItem\",\"position\":2,\"name\":\"Webinaires\"}]},{\"@type\":\"WebSite\",\"@id\":\"https:\\\/\\\/smino.com\\\/fr\\\/#website\",\"url\":\"https:\\\/\\\/smino.com\\\/fr\\\/\",\"name\":\"smino\",\"description\":\"\",\"publisher\":{\"@id\":\"https:\\\/\\\/smino.com\\\/fr\\\/#organization\"},\"potentialAction\":[{\"@type\":\"SearchAction\",\"target\":{\"@type\":\"EntryPoint\",\"urlTemplate\":\"https:\\\/\\\/smino.com\\\/fr\\\/?s={search_term_string}\"},\"query-input\":{\"@type\":\"PropertyValueSpecification\",\"valueRequired\":true,\"valueName\":\"search_term_string\"}}],\"inLanguage\":\"fr-FR\"},{\"@type\":\"Organization\",\"@id\":\"https:\\\/\\\/smino.com\\\/fr\\\/#organization\",\"name\":\"smino\",\"url\":\"https:\\\/\\\/smino.com\\\/fr\\\/\",\"logo\":{\"@type\":\"ImageObject\",\"inLanguage\":\"fr-FR\",\"@id\":\"https:\\\/\\\/smino.com\\\/fr\\\/#\\\/schema\\\/logo\\\/image\\\/\",\"url\":\"https:\\\/\\\/smino.com\\\/wp-content\\\/uploads\\\/2024\\\/08\\\/smino-favicon.png\",\"contentUrl\":\"https:\\\/\\\/smino.com\\\/wp-content\\\/uploads\\\/2024\\\/08\\\/smino-favicon.png\",\"width\":512,\"height\":512,\"caption\":\"smino\"},\"image\":{\"@id\":\"https:\\\/\\\/smino.com\\\/fr\\\/#\\\/schema\\\/logo\\\/image\\\/\"},\"sameAs\":[\"https:\\\/\\\/www.facebook.com\\\/sminocom\",\"https:\\\/\\\/www.linkedin.com\\\/company\\\/smino\",\"https:\\\/\\\/www.instagram.com\\\/smino_culture\\\/\",\"https:\\\/\\\/www.youtube.com\\\/channel\\\/UCoe0A6ix0Or_PLze586vamA\"]}]}<\/script>\n<!-- \/ Yoast SEO Premium plugin. -->","yoast_head_json":{"title":"Webinaires smino : Apprenez et Optimisez vos Projets","description":"D\u00e9couvrez les webinaires smino pour am\u00e9liorer votre gestion de projet. Des th\u00e8mes vari\u00e9s pour optimiser vos m\u00e9thodes.","robots":{"index":"index","follow":"follow","max-snippet":"max-snippet:-1","max-image-preview":"max-image-preview:large","max-video-preview":"max-video-preview:-1"},"canonical":"https:\/\/smino.com\/fr\/webinaires\/","og_locale":"fr_FR","og_type":"article","og_title":"Webinaires","og_description":"D\u00e9couvrez les webinaires smino pour am\u00e9liorer votre gestion de projet. Des th\u00e8mes vari\u00e9s pour optimiser vos m\u00e9thodes.","og_url":"https:\/\/smino.com\/fr\/webinaires\/","og_site_name":"smino","article_publisher":"https:\/\/www.facebook.com\/sminocom","article_modified_time":"2024-11-27T11:11:58+00:00","og_image":[{"url":"https:\/\/smino.com\/wp-content\/uploads\/2024\/08\/Smino-Digital-illustration-01.png","type":"","width":"","height":""}],"twitter_card":"summary_large_image","twitter_misc":{"Dur\u00e9e de lecture estim\u00e9e":"1 minute"},"schema":{"@context":"https:\/\/schema.org","@graph":[{"@type":"WebPage","@id":"https:\/\/smino.com\/fr\/webinaires\/","url":"https:\/\/smino.com\/fr\/webinaires\/","name":"Webinaires smino : Apprenez et Optimisez vos Projets","isPartOf":{"@id":"https:\/\/smino.com\/fr\/#website"},"primaryImageOfPage":{"@id":"https:\/\/smino.com\/fr\/webinaires\/#primaryimage"},"image":{"@id":"https:\/\/smino.com\/fr\/webinaires\/#primaryimage"},"thumbnailUrl":"https:\/\/smino.com\/wp-content\/uploads\/2024\/08\/Smino-Digital-illustration-01.png","datePublished":"2024-08-20T05:14:25+00:00","dateModified":"2024-11-27T11:11:58+00:00","description":"D\u00e9couvrez les webinaires smino pour am\u00e9liorer votre gestion de projet. Des th\u00e8mes vari\u00e9s pour optimiser vos m\u00e9thodes.","breadcrumb":{"@id":"https:\/\/smino.com\/fr\/webinaires\/#breadcrumb"},"inLanguage":"fr-FR","potentialAction":[{"@type":"ReadAction","target":["https:\/\/smino.com\/fr\/webinaires\/"]}]},{"@type":"ImageObject","inLanguage":"fr-FR","@id":"https:\/\/smino.com\/fr\/webinaires\/#primaryimage","url":"https:\/\/smino.com\/wp-content\/uploads\/2024\/08\/Smino-Digital-illustration-01.png","contentUrl":"https:\/\/smino.com\/wp-content\/uploads\/2024\/08\/Smino-Digital-illustration-01.png"},{"@type":"BreadcrumbList","@id":"https:\/\/smino.com\/fr\/webinaires\/#breadcrumb","itemListElement":[{"@type":"ListItem","position":1,"name":"Startseite","item":"https:\/\/smino.com\/fr\/"},{"@type":"ListItem","position":2,"name":"Webinaires"}]},{"@type":"WebSite","@id":"https:\/\/smino.com\/fr\/#website","url":"https:\/\/smino.com\/fr\/","name":"smino","description":"","publisher":{"@id":"https:\/\/smino.com\/fr\/#organization"},"potentialAction":[{"@type":"SearchAction","target":{"@type":"EntryPoint","urlTemplate":"https:\/\/smino.com\/fr\/?s={search_term_string}"},"query-input":{"@type":"PropertyValueSpecification","valueRequired":true,"valueName":"search_term_string"}}],"inLanguage":"fr-FR"},{"@type":"Organization","@id":"https:\/\/smino.com\/fr\/#organization","name":"smino","url":"https:\/\/smino.com\/fr\/","logo":{"@type":"ImageObject","inLanguage":"fr-FR","@id":"https:\/\/smino.com\/fr\/#\/schema\/logo\/image\/","url":"https:\/\/smino.com\/wp-content\/uploads\/2024\/08\/smino-favicon.png","contentUrl":"https:\/\/smino.com\/wp-content\/uploads\/2024\/08\/smino-favicon.png","width":512,"height":512,"caption":"smino"},"image":{"@id":"https:\/\/smino.com\/fr\/#\/schema\/logo\/image\/"},"sameAs":["https:\/\/www.facebook.com\/sminocom","https:\/\/www.linkedin.com\/company\/smino","https:\/\/www.instagram.com\/smino_culture\/","https:\/\/www.youtube.com\/channel\/UCoe0A6ix0Or_PLze586vamA"]}]}},"_links":{"self":[{"href":"https:\/\/smino.com\/fr\/wp-json\/wp\/v2\/pages\/34055","targetHints":{"allow":["GET"]}}],"collection":[{"href":"https:\/\/smino.com\/fr\/wp-json\/wp\/v2\/pages"}],"about":[{"href":"https:\/\/smino.com\/fr\/wp-json\/wp\/v2\/types\/page"}],"author":[{"embeddable":true,"href":"https:\/\/smino.com\/fr\/wp-json\/wp\/v2\/users\/2"}],"replies":[{"embeddable":true,"href":"https:\/\/smino.com\/fr\/wp-json\/wp\/v2\/comments?post=34055"}],"version-history":[{"count":2,"href":"https:\/\/smino.com\/fr\/wp-json\/wp\/v2\/pages\/34055\/revisions"}],"predecessor-version":[{"id":54908,"href":"https:\/\/smino.com\/fr\/wp-json\/wp\/v2\/pages\/34055\/revisions\/54908"}],"wp:attachment":[{"href":"https:\/\/smino.com\/fr\/wp-json\/wp\/v2\/media?parent=34055"}],"curies":[{"name":"wp","href":"https:\/\/api.w.org\/{rel}","templated":true}]}}