{"id":40580,"date":"2024-08-23T09:20:42","date_gmt":"2024-08-23T07:20:42","guid":{"rendered":"https:\/\/smino.com\/protection-des-donnees\/"},"modified":"2025-02-13T11:34:52","modified_gmt":"2025-02-13T10:34:52","slug":"protection-des-donnees","status":"publish","type":"page","link":"https:\/\/smino.com\/fr\/protection-des-donnees\/","title":{"rendered":"Protec\u00adtion des donn\u00e9es"},"content":{"rendered":"\t\t<div data-elementor-type=\"wp-page\" data-elementor-id=\"40580\" class=\"elementor elementor-40580 elementor-35783\" data-elementor-post-type=\"page\">\n\t\t\t\t\t\t<section data-dce-background-color=\"#FFF3E8\" class=\"elementor-section elementor-top-section elementor-element elementor-element-8f25074 elementor-section-boxed elementor-section-height-default elementor-section-height-default\" data-id=\"8f25074\" data-element_type=\"section\" data-settings=\"{&quot;background_background&quot;:&quot;classic&quot;}\">\n\t\t\t\t\t\t<div class=\"elementor-container elementor-column-gap-default\">\n\t\t\t\t\t<div class=\"elementor-column elementor-col-100 elementor-top-column elementor-element elementor-element-53f7c4b\" data-id=\"53f7c4b\" data-element_type=\"column\">\n\t\t\t<div class=\"elementor-widget-wrap elementor-element-populated\">\n\t\t\t\t\t\t<div class=\"elementor-element elementor-element-04f94db elementor-widget elementor-widget-heading\" data-id=\"04f94db\" data-element_type=\"widget\" data-widget_type=\"heading.default\">\n\t\t\t\t<div class=\"elementor-widget-container\">\n\t\t\t\t\t<h1 class=\"elementor-heading-title elementor-size-default\">Protec\u00adtion des donn\u00e9es<\/h1>\t\t\t\t<\/div>\n\t\t\t\t<\/div>\n\t\t\t\t<div class=\"elementor-element elementor-element-327064c elementor-widget elementor-widget-text-editor\" data-id=\"327064c\" data-element_type=\"widget\" data-widget_type=\"text-editor.default\">\n\t\t\t\t<div class=\"elementor-widget-container\">\n\t\t\t\t\t\t\t\t\t<p>La poli\u00adtique de confi\u00adden\u00adtia\u00adlit\u00e9 de Smino t\u2019ex\u00adplique comment nous coll\u00adec\u00adtons, utili\u00adsons et prot\u00e9\u00adgeons les donn\u00e9es.<br>\nN\u2019h\u00e9\u00adsite pas \u00e0 la lire pour comprendre notre enga\u00adge\u00adment \u00e0 prot\u00e9ger ta vie priv\u00e9e. <\/p>\n\t\t\t\t\t\t\t\t<\/div>\n\t\t\t\t<\/div>\n\t\t\t\t\t<\/div>\n\t\t<\/div>\n\t\t\t\t\t<\/div>\n\t\t<\/section>\n\t\t\t\t<section class=\"elementor-section elementor-top-section elementor-element elementor-element-eefe9ee elementor-section-boxed elementor-section-height-default elementor-section-height-default\" data-id=\"eefe9ee\" data-element_type=\"section\">\n\t\t\t\t\t\t<div class=\"elementor-container elementor-column-gap-default\">\n\t\t\t\t\t<div class=\"elementor-column elementor-col-100 elementor-top-column elementor-element elementor-element-140abc8\" data-id=\"140abc8\" data-element_type=\"column\">\n\t\t\t<div class=\"elementor-widget-wrap elementor-element-populated\">\n\t\t\t\t\t\t<section class=\"elementor-section elementor-inner-section elementor-element elementor-element-c510c24 elementor-section-boxed elementor-section-height-default elementor-section-height-default\" data-id=\"c510c24\" data-element_type=\"section\">\n\t\t\t\t\t\t<div class=\"elementor-container elementor-column-gap-default\">\n\t\t\t\t\t<div data-dce-background-color=\"#FFFFFF\" class=\"elementor-column elementor-col-50 elementor-inner-column elementor-element elementor-element-89965c4\" data-id=\"89965c4\" data-element_type=\"column\" data-settings=\"{&quot;background_background&quot;:&quot;classic&quot;}\">\n\t\t\t<div class=\"elementor-widget-wrap elementor-element-populated\">\n\t\t\t\t\t\t<div class=\"elementor-element elementor-element-5a9c304 elementor-widget elementor-widget-heading\" data-id=\"5a9c304\" data-element_type=\"widget\" data-widget_type=\"heading.default\">\n\t\t\t\t<div class=\"elementor-widget-container\">\n\t\t\t\t\t<h2 class=\"elementor-heading-title elementor-size-default\">Site web<\/h2>\t\t\t\t<\/div>\n\t\t\t\t<\/div>\n\t\t\t\t<div class=\"elementor-element elementor-element-4cc342c elementor-widget elementor-widget-text-editor\" data-id=\"4cc342c\" data-element_type=\"widget\" data-widget_type=\"text-editor.default\">\n\t\t\t\t<div class=\"elementor-widget-container\">\n\t\t\t\t\t\t\t\t\t<p>Tu trou\u00adveras<a style=\"color: #ff7819; font-weight: 600;\" href=\"https:\/\/smino.com\/fr\/protection-des-donnees-smino-com\/\"> ici<\/a> la d\u00e9cla\u00adra\u00adtion de confi\u00adden\u00adtia\u00adlit\u00e9 pour le site web (smino.com).<\/p>\n\t\t\t\t\t\t\t\t<\/div>\n\t\t\t\t<\/div>\n\t\t\t\t\t<\/div>\n\t\t<\/div>\n\t\t\t\t<div data-dce-background-color=\"#FFFFFF\" class=\"elementor-column elementor-col-50 elementor-inner-column elementor-element elementor-element-7b8187e\" data-id=\"7b8187e\" data-element_type=\"column\" data-settings=\"{&quot;background_background&quot;:&quot;classic&quot;}\">\n\t\t\t<div class=\"elementor-widget-wrap elementor-element-populated\">\n\t\t\t\t\t\t<div class=\"elementor-element elementor-element-c20ea0e elementor-widget elementor-widget-heading\" data-id=\"c20ea0e\" data-element_type=\"widget\" data-widget_type=\"heading.default\">\n\t\t\t\t<div class=\"elementor-widget-container\">\n\t\t\t\t\t<h2 class=\"elementor-heading-title elementor-size-default\">Outil<\/h2>\t\t\t\t<\/div>\n\t\t\t\t<\/div>\n\t\t\t\t<div class=\"elementor-element elementor-element-bcb14a0 elementor-widget elementor-widget-text-editor\" data-id=\"bcb14a0\" data-element_type=\"widget\" data-widget_type=\"text-editor.default\">\n\t\t\t\t<div class=\"elementor-widget-container\">\n\t\t\t\t\t\t\t\t\t<p>Pour acc\u00e9der \u00e0 la d\u00e9cla\u00adra\u00adtion de confi\u00adden\u00adtia\u00adlit\u00e9 de l\u2019outil (app.smino.ch),<a style=\"color: #ff7819; font-weight: 600;\" href=\"https:\/\/smino.com\/fr\/protection-des-donnees-3\/\"> clique ici<\/a>.<\/p>\n\t\t\t\t\t\t\t\t<\/div>\n\t\t\t\t<\/div>\n\t\t\t\t\t<\/div>\n\t\t<\/div>\n\t\t\t\t\t<\/div>\n\t\t<\/section>\n\t\t\t\t<section class=\"elementor-section elementor-inner-section elementor-element elementor-element-851704d elementor-hidden-desktop elementor-hidden-tablet elementor-hidden-mobile elementor-section-boxed elementor-section-height-default elementor-section-height-default\" data-id=\"851704d\" data-element_type=\"section\">\n\t\t\t\t\t\t<div class=\"elementor-container elementor-column-gap-default\">\n\t\t\t\t\t<div data-dce-background-color=\"#FFFFFF\" class=\"elementor-column elementor-col-100 elementor-inner-column elementor-element elementor-element-b064e5f\" data-id=\"b064e5f\" data-element_type=\"column\" data-settings=\"{&quot;background_background&quot;:&quot;classic&quot;}\">\n\t\t\t<div class=\"elementor-widget-wrap elementor-element-populated\">\n\t\t\t\t\t\t<div class=\"elementor-element elementor-element-95c3c8a elementor-widget elementor-widget-heading\" data-id=\"95c3c8a\" data-element_type=\"widget\" data-widget_type=\"heading.default\">\n\t\t\t\t<div class=\"elementor-widget-container\">\n\t\t\t\t\t<h2 class=\"elementor-heading-title elementor-size-default\">Accord sur le trai\u00adte\u00adment des commandes<\/h2>\t\t\t\t<\/div>\n\t\t\t\t<\/div>\n\t\t\t\t<div class=\"elementor-element elementor-element-5bf30af elementor-widget elementor-widget-text-editor\" data-id=\"5bf30af\" data-element_type=\"widget\" data-widget_type=\"text-editor.default\">\n\t\t\t\t<div class=\"elementor-widget-container\">\n\t\t\t\t\t\t\t\t\t<p>Tu trou\u00adveras notre accord stan\u00addard sur le trai\u00adte\u00adment des commandes (AVV\/ADV) <a style=\"color: #ff7819; font-weight: 600;\" href=\"https:\/\/smino.com\/wp-content\/uploads\/2025\/01\/250131_AVV_smino-AG_DE.docx\" target=\"_blank\" rel=\"noopener\">ici pour nos clients d\u2019Al\u00adle\u00admagne<\/a> et <a style=\"color: #ff7819; font-weight: 600;\" href=\"https:\/\/smino.com\/wp-content\/uploads\/2023\/06\/230517_sminoAG_AVVdeutsch.pdf%20\" target=\"_blank\" rel=\"noopener\"> ici pour nos clients de Suisse.<\/a><\/p>\t\t\t\t\t\t\t\t<\/div>\n\t\t\t\t<\/div>\n\t\t\t\t\t<\/div>\n\t\t<\/div>\n\t\t\t\t\t<\/div>\n\t\t<\/section>\n\t\t\t\t\t<\/div>\n\t\t<\/div>\n\t\t\t\t\t<\/div>\n\t\t<\/section>\n\t\t\t\t<section data-dce-background-color=\"#02010100\" class=\"elementor-section elementor-top-section elementor-element elementor-element-f079d60 ftrwrpwor elementor-section-boxed elementor-section-height-default elementor-section-height-default\" data-id=\"f079d60\" data-element_type=\"section\" data-settings=\"{&quot;background_background&quot;:&quot;classic&quot;}\">\n\t\t\t\t\t\t<div class=\"elementor-container elementor-column-gap-default\">\n\t\t\t\t\t<div class=\"elementor-column elementor-col-100 elementor-top-column elementor-element elementor-element-c30f82d\" data-id=\"c30f82d\" data-element_type=\"column\">\n\t\t\t<div class=\"elementor-widget-wrap elementor-element-populated\">\n\t\t\t\t\t\t<section data-dce-background-color=\"#FF7819\" data-dce-background-image-url=\"http:\/\/smino.com\/wp-content\/uploads\/2024\/08\/Smino-Kontakt-Aufnehmen-Illustration-02.png\" class=\"elementor-section elementor-inner-section elementor-element elementor-element-5cab38d elementor-section-boxed elementor-section-height-default elementor-section-height-default\" data-id=\"5cab38d\" data-element_type=\"section\" data-settings=\"{&quot;background_background&quot;:&quot;classic&quot;}\">\n\t\t\t\t\t\t<div class=\"elementor-container elementor-column-gap-default\">\n\t\t\t\t\t<div class=\"elementor-column elementor-col-50 elementor-inner-column elementor-element elementor-element-8b17ac2\" data-id=\"8b17ac2\" data-element_type=\"column\">\n\t\t\t<div class=\"elementor-widget-wrap elementor-element-populated\">\n\t\t\t\t\t\t<div class=\"elementor-element elementor-element-eecc247 unserelosctn wrp optim elementor-invisible elementor-widget elementor-widget-pix-highlighted-text\" data-id=\"eecc247\" data-element_type=\"widget\" data-widget_type=\"pix-highlighted-text.default\">\n\t\t\t\t<div class=\"elementor-widget-container\">\n\t\t\t\t\t<div id=\"el-eecc247\" class=\"pix-highlighted-element text-left \"><div class=\"d-inline-block\" style=\"max-width:100%;\"><h2 class=\"pix-highlighted-items animate-in\" style data-anim-type=\"fade-in-up\" data-anim-delay=\"100\"><span id=\"el-eecc247-0\" class=\" elementor-repeater-item-2430d8b\"><span class=\"pix-highlighted-text  pix-highlight-item font-weight-normal  font-weight-bold heading-font el-eecc247-0 el-title_custom_color\">Qu\u2019est-ce que vous attendez ?<\/span><\/span><\/h2><\/div><\/div>\t\t\t\t<\/div>\n\t\t\t\t<\/div>\n\t\t\t\t<div class=\"elementor-element elementor-element-93dcdfe elementor-widget elementor-widget-text-editor\" data-id=\"93dcdfe\" data-element_type=\"widget\" data-widget_type=\"text-editor.default\">\n\t\t\t\t<div class=\"elementor-widget-container\">\n\t\t\t\t\t\t\t\t\t<p>Un rendez-vous de d\u00e9mons\u00adtra\u00adtion te permettra de te faire une premi\u00e8re impres\u00adsion de smino.<br>\nCe rendez-vous est sp\u00e9cia\u00adle\u00adment adapt\u00e9 \u00e0 tes exigences et nous permet de r\u00e9pondre \u00e0 tes besoins et ques\u00adtions indi\u00advi\u00adduels.<br>\nPendant le rendez-vous, tu pourras voir notre logi\u00adciel en action et en apprendre davan\u00adtage sur ses fonc\u00adtion\u00adna\u00adlit\u00e9s et ses avan\u00adtages.<br>\nNous sommes impa\u00adti\u00adents de t\u2019ac\u00adcu\u00adeillir lors d\u2019un rendez-vous de d\u00e9mons\u00adtra\u00adtion !   <\/p>\n\t\t\t\t\t\t\t\t<\/div>\n\t\t\t\t<\/div>\n\t\t\t\t<div class=\"elementor-element elementor-element-59072c4 elementor-widget elementor-widget-button\" data-id=\"59072c4\" data-element_type=\"widget\" data-widget_type=\"button.default\">\n\t\t\t\t<div class=\"elementor-widget-container\">\n\t\t\t\t\t\t\t\t\t<div class=\"elementor-button-wrapper\">\n\t\t\t\t\t<a class=\"elementor-button elementor-button-link elementor-size-sm\" href=\"https:\/\/smino.com\/fr\/contact\/\">\n\t\t\t\t\t\t<span class=\"elementor-button-content-wrapper\">\n\t\t\t\t\t\t<span class=\"elementor-button-icon\">\n\t\t\t\t<svg width=\"20\" height=\"20\" viewBox=\"0 0 20 20\" fill=\"none\"><path fill-rule=\"evenodd\" clip-rule=\"evenodd\" d=\"M10 4H13L19 10L13 16H10L15 11H1V9H15L10 4Z\" fill=\"white\" \/><\/svg>\t\t\t<\/span>\n\t\t\t\t\t\t\t\t\t<span class=\"elementor-button-text\">Prendre contact<\/span>\n\t\t\t\t\t<\/span>\n\t\t\t\t\t<\/a>\n\t\t\t\t<\/div>\n\t\t\t\t\t\t\t\t<\/div>\n\t\t\t\t<\/div>\n\t\t\t\t\t<\/div>\n\t\t<\/div>\n\t\t\t\t<div class=\"elementor-column elementor-col-50 elementor-inner-column elementor-element elementor-element-992248a\" data-id=\"992248a\" data-element_type=\"column\">\n\t\t\t<div class=\"elementor-widget-wrap elementor-element-populated\">\n\t\t\t\t\t\t<div class=\"elementor-element elementor-element-c405cc0 dce_masking-none elementor-widget elementor-widget-image\" data-id=\"c405cc0\" data-element_type=\"widget\" data-widget_type=\"image.default\">\n\t\t\t\t<div class=\"elementor-widget-container\">\n\t\t\t\t\t\t\t\t\t\t\t\t\t\t\t<img fetchpriority=\"high\" decoding=\"async\" width=\"3164\" height=\"1775\" src=\"https:\/\/smino.com\/wp-content\/uploads\/2024\/08\/Smino-Digital-illustration-01-7.svg\" class=\"attachment-full size-full wp-image-32817\" alt=\"smino\">\t\t\t\t\t\t\t\t\t\t\t\t\t\t\t<\/div>\n\t\t\t\t<\/div>\n\t\t\t\t\t<\/div>\n\t\t<\/div>\n\t\t\t\t\t<\/div>\n\t\t<\/section>\n\t\t\t\t\t<\/div>\n\t\t<\/div>\n\t\t\t\t\t<\/div>\n\t\t<\/section>\n\t\t\t\t<\/div>\n\t\t","protected":false},"excerpt":{"rendered":"<p>Protec\u00adtion des donn\u00e9es La poli\u00adtique de confi\u00adden\u00adtia\u00adlit\u00e9 de Smino t\u2019ex\u00adplique comment nous coll\u00adec\u00adtons, utili\u00adsons et prot\u00e9\u00adgeons les donn\u00e9es. N\u2019h\u00e9\u00adsite pas \u00e0 la lire pour comprendre notre enga\u00adge\u00adment \u00e0 prot\u00e9ger ta vie priv\u00e9e. Site web Tu trou\u00adveras ici la d\u00e9cla\u00adra\u00adtion de\u2026<\/p>\n","protected":false},"author":2,"featured_media":0,"parent":0,"menu_order":0,"comment_status":"closed","ping_status":"closed","template":"","meta":{"_acf_changed":false,"wp_typography_post_enhancements_disabled":false,"footnotes":""},"class_list":["post-40580","page","type-page","status-publish","hentry"],"acf":{"photo_gallery":{"blog_gallery":[[]]}},"yoast_head":"<!-- This site is optimized with the Yoast SEO Premium plugin v26.5 (Yoast SEO v27.3) - https:\/\/yoast.com\/product\/yoast-seo-premium-wordpress\/ -->\n<title>Protection des donn\u00e9es &#8211; smino<\/title>\n<meta name=\"description\" content=\"D\u00e9couvrez les mesures de protection des donn\u00e9es mises en place par Smino pour garantir la s\u00e9curit\u00e9 de vos informations personnelles.\" \/>\n<meta name=\"robots\" content=\"noindex, nofollow\" \/>\n<meta property=\"og:locale\" content=\"fr_FR\" \/>\n<meta property=\"og:type\" content=\"article\" \/>\n<meta property=\"og:title\" content=\"Protection des donn\u00e9es\" \/>\n<meta property=\"og:description\" content=\"D\u00e9couvrez les mesures de protection des donn\u00e9es mises en place par Smino pour garantir la s\u00e9curit\u00e9 de vos informations personnelles.\" \/>\n<meta property=\"og:url\" content=\"https:\/\/smino.com\/fr\/protection-des-donnees\/\" \/>\n<meta property=\"og:site_name\" content=\"smino\" \/>\n<meta property=\"article:publisher\" content=\"https:\/\/www.facebook.com\/sminocom\" \/>\n<meta property=\"article:modified_time\" content=\"2025-02-13T10:34:52+00:00\" \/>\n<meta name=\"twitter:card\" content=\"summary_large_image\" \/>\n<meta name=\"twitter:label1\" content=\"Dur\u00e9e de lecture estim\u00e9e\" \/>\n\t<meta name=\"twitter:data1\" content=\"1 minute\" \/>\n<script type=\"application\/ld+json\" class=\"yoast-schema-graph\">{\"@context\":\"https:\\\/\\\/schema.org\",\"@graph\":[{\"@type\":\"WebPage\",\"@id\":\"https:\\\/\\\/smino.com\\\/fr\\\/protection-des-donnees\\\/\",\"url\":\"https:\\\/\\\/smino.com\\\/fr\\\/protection-des-donnees\\\/\",\"name\":\"Protection des donn\u00e9es &#8211; smino\",\"isPartOf\":{\"@id\":\"https:\\\/\\\/smino.com\\\/fr\\\/#website\"},\"primaryImageOfPage\":{\"@id\":\"https:\\\/\\\/smino.com\\\/fr\\\/protection-des-donnees\\\/#primaryimage\"},\"image\":{\"@id\":\"https:\\\/\\\/smino.com\\\/fr\\\/protection-des-donnees\\\/#primaryimage\"},\"thumbnailUrl\":\"https:\\\/\\\/smino.com\\\/wp-content\\\/uploads\\\/2024\\\/08\\\/Smino-Digital-illustration-01-7.svg\",\"datePublished\":\"2024-08-23T07:20:42+00:00\",\"dateModified\":\"2025-02-13T10:34:52+00:00\",\"description\":\"D\u00e9couvrez les mesures de protection des donn\u00e9es mises en place par Smino pour garantir la s\u00e9curit\u00e9 de vos informations personnelles.\",\"breadcrumb\":{\"@id\":\"https:\\\/\\\/smino.com\\\/fr\\\/protection-des-donnees\\\/#breadcrumb\"},\"inLanguage\":\"fr-FR\",\"potentialAction\":[{\"@type\":\"ReadAction\",\"target\":[\"https:\\\/\\\/smino.com\\\/fr\\\/protection-des-donnees\\\/\"]}]},{\"@type\":\"ImageObject\",\"inLanguage\":\"fr-FR\",\"@id\":\"https:\\\/\\\/smino.com\\\/fr\\\/protection-des-donnees\\\/#primaryimage\",\"url\":\"https:\\\/\\\/smino.com\\\/wp-content\\\/uploads\\\/2024\\\/08\\\/Smino-Digital-illustration-01-7.svg\",\"contentUrl\":\"https:\\\/\\\/smino.com\\\/wp-content\\\/uploads\\\/2024\\\/08\\\/Smino-Digital-illustration-01-7.svg\"},{\"@type\":\"BreadcrumbList\",\"@id\":\"https:\\\/\\\/smino.com\\\/fr\\\/protection-des-donnees\\\/#breadcrumb\",\"itemListElement\":[{\"@type\":\"ListItem\",\"position\":1,\"name\":\"Startseite\",\"item\":\"https:\\\/\\\/smino.com\\\/fr\\\/\"},{\"@type\":\"ListItem\",\"position\":2,\"name\":\"Protection des donn\u00e9es\"}]},{\"@type\":\"WebSite\",\"@id\":\"https:\\\/\\\/smino.com\\\/fr\\\/#website\",\"url\":\"https:\\\/\\\/smino.com\\\/fr\\\/\",\"name\":\"smino\",\"description\":\"\",\"publisher\":{\"@id\":\"https:\\\/\\\/smino.com\\\/fr\\\/#organization\"},\"potentialAction\":[{\"@type\":\"SearchAction\",\"target\":{\"@type\":\"EntryPoint\",\"urlTemplate\":\"https:\\\/\\\/smino.com\\\/fr\\\/?s={search_term_string}\"},\"query-input\":{\"@type\":\"PropertyValueSpecification\",\"valueRequired\":true,\"valueName\":\"search_term_string\"}}],\"inLanguage\":\"fr-FR\"},{\"@type\":\"Organization\",\"@id\":\"https:\\\/\\\/smino.com\\\/fr\\\/#organization\",\"name\":\"smino\",\"url\":\"https:\\\/\\\/smino.com\\\/fr\\\/\",\"logo\":{\"@type\":\"ImageObject\",\"inLanguage\":\"fr-FR\",\"@id\":\"https:\\\/\\\/smino.com\\\/fr\\\/#\\\/schema\\\/logo\\\/image\\\/\",\"url\":\"https:\\\/\\\/smino.com\\\/wp-content\\\/uploads\\\/2024\\\/08\\\/smino-favicon.png\",\"contentUrl\":\"https:\\\/\\\/smino.com\\\/wp-content\\\/uploads\\\/2024\\\/08\\\/smino-favicon.png\",\"width\":512,\"height\":512,\"caption\":\"smino\"},\"image\":{\"@id\":\"https:\\\/\\\/smino.com\\\/fr\\\/#\\\/schema\\\/logo\\\/image\\\/\"},\"sameAs\":[\"https:\\\/\\\/www.facebook.com\\\/sminocom\",\"https:\\\/\\\/www.linkedin.com\\\/company\\\/smino\",\"https:\\\/\\\/www.instagram.com\\\/smino_culture\\\/\",\"https:\\\/\\\/www.youtube.com\\\/channel\\\/UCoe0A6ix0Or_PLze586vamA\"]}]}<\/script>\n<!-- \/ Yoast SEO Premium plugin. -->","yoast_head_json":{"title":"Protection des donn\u00e9es &#8211; smino","description":"D\u00e9couvrez les mesures de protection des donn\u00e9es mises en place par Smino pour garantir la s\u00e9curit\u00e9 de vos informations personnelles.","robots":{"index":"noindex","follow":"nofollow"},"og_locale":"fr_FR","og_type":"article","og_title":"Protection des donn\u00e9es","og_description":"D\u00e9couvrez les mesures de protection des donn\u00e9es mises en place par Smino pour garantir la s\u00e9curit\u00e9 de vos informations personnelles.","og_url":"https:\/\/smino.com\/fr\/protection-des-donnees\/","og_site_name":"smino","article_publisher":"https:\/\/www.facebook.com\/sminocom","article_modified_time":"2025-02-13T10:34:52+00:00","twitter_card":"summary_large_image","twitter_misc":{"Dur\u00e9e de lecture estim\u00e9e":"1 minute"},"schema":{"@context":"https:\/\/schema.org","@graph":[{"@type":"WebPage","@id":"https:\/\/smino.com\/fr\/protection-des-donnees\/","url":"https:\/\/smino.com\/fr\/protection-des-donnees\/","name":"Protection des donn\u00e9es &#8211; smino","isPartOf":{"@id":"https:\/\/smino.com\/fr\/#website"},"primaryImageOfPage":{"@id":"https:\/\/smino.com\/fr\/protection-des-donnees\/#primaryimage"},"image":{"@id":"https:\/\/smino.com\/fr\/protection-des-donnees\/#primaryimage"},"thumbnailUrl":"https:\/\/smino.com\/wp-content\/uploads\/2024\/08\/Smino-Digital-illustration-01-7.svg","datePublished":"2024-08-23T07:20:42+00:00","dateModified":"2025-02-13T10:34:52+00:00","description":"D\u00e9couvrez les mesures de protection des donn\u00e9es mises en place par Smino pour garantir la s\u00e9curit\u00e9 de vos informations personnelles.","breadcrumb":{"@id":"https:\/\/smino.com\/fr\/protection-des-donnees\/#breadcrumb"},"inLanguage":"fr-FR","potentialAction":[{"@type":"ReadAction","target":["https:\/\/smino.com\/fr\/protection-des-donnees\/"]}]},{"@type":"ImageObject","inLanguage":"fr-FR","@id":"https:\/\/smino.com\/fr\/protection-des-donnees\/#primaryimage","url":"https:\/\/smino.com\/wp-content\/uploads\/2024\/08\/Smino-Digital-illustration-01-7.svg","contentUrl":"https:\/\/smino.com\/wp-content\/uploads\/2024\/08\/Smino-Digital-illustration-01-7.svg"},{"@type":"BreadcrumbList","@id":"https:\/\/smino.com\/fr\/protection-des-donnees\/#breadcrumb","itemListElement":[{"@type":"ListItem","position":1,"name":"Startseite","item":"https:\/\/smino.com\/fr\/"},{"@type":"ListItem","position":2,"name":"Protection des donn\u00e9es"}]},{"@type":"WebSite","@id":"https:\/\/smino.com\/fr\/#website","url":"https:\/\/smino.com\/fr\/","name":"smino","description":"","publisher":{"@id":"https:\/\/smino.com\/fr\/#organization"},"potentialAction":[{"@type":"SearchAction","target":{"@type":"EntryPoint","urlTemplate":"https:\/\/smino.com\/fr\/?s={search_term_string}"},"query-input":{"@type":"PropertyValueSpecification","valueRequired":true,"valueName":"search_term_string"}}],"inLanguage":"fr-FR"},{"@type":"Organization","@id":"https:\/\/smino.com\/fr\/#organization","name":"smino","url":"https:\/\/smino.com\/fr\/","logo":{"@type":"ImageObject","inLanguage":"fr-FR","@id":"https:\/\/smino.com\/fr\/#\/schema\/logo\/image\/","url":"https:\/\/smino.com\/wp-content\/uploads\/2024\/08\/smino-favicon.png","contentUrl":"https:\/\/smino.com\/wp-content\/uploads\/2024\/08\/smino-favicon.png","width":512,"height":512,"caption":"smino"},"image":{"@id":"https:\/\/smino.com\/fr\/#\/schema\/logo\/image\/"},"sameAs":["https:\/\/www.facebook.com\/sminocom","https:\/\/www.linkedin.com\/company\/smino","https:\/\/www.instagram.com\/smino_culture\/","https:\/\/www.youtube.com\/channel\/UCoe0A6ix0Or_PLze586vamA"]}]}},"_links":{"self":[{"href":"https:\/\/smino.com\/fr\/wp-json\/wp\/v2\/pages\/40580","targetHints":{"allow":["GET"]}}],"collection":[{"href":"https:\/\/smino.com\/fr\/wp-json\/wp\/v2\/pages"}],"about":[{"href":"https:\/\/smino.com\/fr\/wp-json\/wp\/v2\/types\/page"}],"author":[{"embeddable":true,"href":"https:\/\/smino.com\/fr\/wp-json\/wp\/v2\/users\/2"}],"replies":[{"embeddable":true,"href":"https:\/\/smino.com\/fr\/wp-json\/wp\/v2\/comments?post=40580"}],"version-history":[{"count":13,"href":"https:\/\/smino.com\/fr\/wp-json\/wp\/v2\/pages\/40580\/revisions"}],"predecessor-version":[{"id":61938,"href":"https:\/\/smino.com\/fr\/wp-json\/wp\/v2\/pages\/40580\/revisions\/61938"}],"wp:attachment":[{"href":"https:\/\/smino.com\/fr\/wp-json\/wp\/v2\/media?parent=40580"}],"curies":[{"name":"wp","href":"https:\/\/api.w.org\/{rel}","templated":true}]}}